{"id":1214,"date":"2026-02-02T13:38:58","date_gmt":"2026-02-02T13:38:58","guid":{"rendered":"https:\/\/acredema.com.ar\/?page_id=1214"},"modified":"2026-03-19T14:00:18","modified_gmt":"2026-03-19T14:00:18","slug":"linea-2026","status":"publish","type":"page","link":"https:\/\/acredema.com.ar\/index.php\/linea-2026\/","title":{"rendered":"Linea 2026"},"content":{"rendered":"\t\t<div data-elementor-type=\"wp-page\" data-elementor-id=\"1214\" class=\"elementor elementor-1214\">\n\t\t\t\t<div class=\"elementor-element elementor-element-fe35759 e-flex e-con-boxed e-con e-parent\" data-id=\"fe35759\" data-element_type=\"container\" data-e-type=\"container\">\n\t\t\t\t\t<div class=\"e-con-inner\">\n\t\t\t\t<div class=\"elementor-element elementor-element-5adb38b elementor-widget elementor-widget-heading\" data-id=\"5adb38b\" data-element_type=\"widget\" data-e-type=\"widget\" data-widget_type=\"heading.default\">\n\t\t\t\t\t<h2 class=\"elementor-heading-title elementor-size-default\">Nueva l\u00ednea de Financiamiento<\/h2>\t\t\t\t<\/div>\n\t\t\t\t<div class=\"elementor-element elementor-element-ba24beb elementor-widget elementor-widget-image\" data-id=\"ba24beb\" data-element_type=\"widget\" data-e-type=\"widget\" data-widget_type=\"image.default\">\n\t\t\t\t\t\t\t\t\t\t\t\t\t\t\t<img fetchpriority=\"high\" decoding=\"async\" width=\"1024\" height=\"1024\" src=\"https:\/\/acredema.com.ar\/wp-content\/uploads\/2026\/03\/Flyer-3.jpg\" class=\"attachment-large size-large wp-image-1414\" alt=\"flyer 3\" title=\"Linea 2026\">\t\t\t\t\t\t\t\t\t\t\t\t\t\t\t<\/div>\n\t\t\t\t<div class=\"elementor-element elementor-element-be6fcc3 elementor-widget elementor-widget-text-editor\" data-id=\"be6fcc3\" data-element_type=\"widget\" data-e-type=\"widget\" data-widget_type=\"text-editor.default\">\n\t\t\t\t\t\t\t\t\t<p>Se hace extensiva a la comunidad emprendorera de la regi\u00f3n que se encuentra abierta la convocatoria para una nueva l\u00ednea de financiamiento. En esta ocasi\u00f3n, y con recursos provenientes del recupero de las l\u00edneas de emergencia por sequ\u00eda canalizadas en 2024, se anuncia la oferta de financiamiento por un monto total de hasta $3.000.000 a reintegrar en hasta 18 cuotas y con la aplicaci\u00f3n de una tasa de inter\u00e9s equivalente al 50% de publicada por Banco Naci\u00f3n.<\/p><p><u>Res\u00famen de condiciones:<\/u><\/p><p><strong>Rubros<\/strong>: Producci\u00f3n L\u00e1ctea, Producci\u00f3n de alimentos, Producci\u00f3n Frutihort\u00edcola, Comercio.<\/p><p><strong>Monto<\/strong>: Hasta $3.000.000<\/p><p><strong>Plazo<\/strong>: Hasta 18 meses.<\/p><p><strong>Tasa<\/strong>: Fija, equivalente al 50% del valor publicado por Banco Naci\u00f3n\u00a0<span style=\"font-size: 1rem;\">bajo el concepto de \u00ab<\/span><span style=\"font-size: 1rem;\">Tasa Nominal Anual Vencida con capitalizaci\u00f3n cada 30 d\u00edas\u00bb al momento de la entrega del cr\u00e9dito. La tasa actual es la\u00a0<\/span><span style=\"font-style: inherit; font-weight: inherit;\">\u00a0<\/span><a style=\"font-style: inherit; font-weight: inherit; background-color: rgba(213, 238, 200, 0.48); color: #046bd2;\" href=\"https:\/\/www.bna.com.ar\/home\/informacionalusuariofinanciero#:~:text=Tasa%20Nominal%20Anual%20Vencida%20con%20capitalizaci%C3%B3n%20cada%2030%20d%C3%ADas%20%3D%20T.N.A.%20(30%20d%C3%ADas)%20%3D%2036%2C22%25\" target=\"_blank\" rel=\"noopener\">siguiente<\/a>.<\/p><p><strong>Sistema de Amortizaci\u00f3n:<\/strong> Directo.<\/p><p><strong>Gastos de otorgamiento<\/strong>: 3% (se descuenta del monto total del cr\u00e9dito al momento de la entrega).<\/p><p><span style=\"font-style: inherit; font-weight: inherit;\"><strong>Ejemplos devoluci\u00f3n<\/strong> (*):\u00a0<\/span><\/p><ul><li><span style=\"font-style: inherit; font-weight: inherit;\">3 millones <\/span><a href=\"https:\/\/acredema.com.ar\/wp-content\/uploads\/2026\/02\/3-millones-12-cuotas.jpg\">devoluci\u00f3n en 12<\/a>\u00a0cuotas<\/li><li><span style=\"font-style: inherit; font-weight: inherit;\">3 millones\u00a0<\/span><a href=\"https:\/\/acredema.com.ar\/wp-content\/uploads\/2026\/02\/3-millones-18-cuotas.jpg\">devoluci\u00f3n en 18<\/a><span style=\"font-style: inherit; font-weight: inherit;\"> cuotas\u00a0\u00a0<\/span><\/li><li><span style=\"font-style: inherit; font-weight: inherit;\">2 millones <a href=\"https:\/\/acredema.com.ar\/wp-content\/uploads\/2026\/02\/2-millones-12-cuotas.png\">devoluci\u00f3n en 12<\/a>\u00a0cuotas\u00a0<\/span><\/li><li><span style=\"font-style: inherit; font-weight: inherit;\">2 millones <a href=\"https:\/\/acredema.com.ar\/wp-content\/uploads\/2026\/02\/2-millones-18-cuotas.jpg\">devoluci\u00f3n en 18 <\/a>cuotas<\/span><\/li><\/ul><div><p>(*) Estos modelos son orientativos ya que la tasa Banco Naci\u00f3n sufre variaciones diarias.<\/p><\/div><p><span style=\"font-style: inherit; font-weight: inherit;\"><strong>Garant\u00edas<\/strong>: 2 garantes ACTIVOS con recibo de sueldo.<\/span><\/p><p><strong>::::: CUPOS LIMITADOS :::::<\/strong><\/p><p>Si est\u00e1s interesado, complet\u00e1 el Formulario y adjunt\u00e1 la documentaci\u00f3n solicitada. Ten\u00e9 a mano im\u00e1genes del frente y reverso de tu DNI, del DNI de ambos garantes y copia de los \u00faltimos 3 recibos de sueldo de cada uno de ellos.\u00a0<\/p><p>Nota: Para evitar inconvenientes en la carga del formulario sugerimos utilizar navegador Chrome con sesi\u00f3n Google iniciada.<\/p>\t\t\t\t\t\t\t\t<\/div>\n\t\t\t\t<div class=\"elementor-element elementor-element-38dca9e elementor-widget elementor-widget-text-editor\" data-id=\"38dca9e\" data-element_type=\"widget\" data-e-type=\"widget\" data-widget_type=\"text-editor.default\">\n\t\t\t\t\t\t\t\t\t<p>\u00bfDudas? <a href=\"https:\/\/acredema.com.ar\/index.php\/contacto\/\">Contactanos<\/a>.<\/p>\t\t\t\t\t\t\t\t<\/div>\n\t\t\t\t<div class=\"elementor-element elementor-element-2a818cc elementor-widget elementor-widget-text-editor\" data-id=\"2a818cc\" data-element_type=\"widget\" data-e-type=\"widget\" data-widget_type=\"text-editor.default\">\n\t\t\t\t\t\t\t\t\t<p><strong><span style=\"color: #ff0000;\">CONVOCATORIA CERRADA<\/span><\/strong><\/p>\t\t\t\t\t\t\t\t<\/div>\n\t\t\t\t<div class=\"elementor-element elementor-element-717cadb elementor-widget elementor-widget-text-editor\" data-id=\"717cadb\" data-element_type=\"widget\" data-e-type=\"widget\" data-widget_type=\"text-editor.default\">\n\t\t\t\t\t\t\t\t\t<p>Comienza la etapa de an\u00e1lisis de solicitudes recibidas. Nos contactaremos con cada interesado para informar novedades.<\/p><p>Si no alcanzaste a inscribirte, est\u00e1 atento a nuestro sitio web que pronto tendremos novedades.<\/p>\t\t\t\t\t\t\t\t<\/div>\n\t\t\t\t<div class=\"elementor-element elementor-element-81c0031 elementor-widget-divider--view-line elementor-widget elementor-widget-divider\" data-id=\"81c0031\" data-element_type=\"widget\" data-e-type=\"widget\" data-widget_type=\"divider.default\">\n\t\t\t\t\t\t\t<div class=\"elementor-divider\">\n\t\t\t<span class=\"elementor-divider-separator\">\n\t\t\t\t\t\t<\/span>\n\t\t<\/div>\n\t\t\t\t\t\t<\/div>\n\t\t\t\t<div class=\"elementor-element elementor-element-3bff4b1 elementor-widget elementor-widget-text-editor\" data-id=\"3bff4b1\" data-element_type=\"widget\" data-e-type=\"widget\" data-widget_type=\"text-editor.default\">\n\t\t\t\t\t\t\t\t\t<p class=\"wb-stl-custom5\" data-dnid=\"40390\">&nbsp;DETALLE IMPORTANTE PARA TODAS LAS LINEAS DE FINANCIAMIENTO<\/p>\n<p class=\"wb-stl-custom5\" data-dnid=\"40390\">Se tendr\u00e1n en consideraci\u00f3n&nbsp;&nbsp;los antecedentes crediticios de Solicitante, Fiadores y C\u00f3nyuges de \u00e9stos, rechaz\u00e1ndose inmediatamente aquellos individuos que presenten obligaciones con situaci\u00f3n distinta a \u00ab1\u00bb (uno).<\/p>\n<p class=\"wb-stl-custom5\" data-dnid=\"40392\">Pero \u00bfqu\u00e9 significa ello?<\/p>\n<p class=\"wb-stl-custom5\" data-dnid=\"40394\">El Banco Central dispone de una base de datos, nutrida por las instituciones crediticias, donde se&nbsp; informa el detalle de obligaciones que un individuo posee en dicha instituci\u00f3n. Se utiliza una escala para conocer el nivel de insolvencia de la persona de acuerdo a sus antecedentes de pago.<\/p>\n<p class=\"wb-stl-custom5\" data-dnid=\"40394\">A continuaci\u00f3n detallamos de qu\u00e9 se trata cada una:<\/p>\n<p class=\"wb-stl-custom5\" data-dnid=\"40398\"><u>Situaci\u00f3n 1<\/u>&nbsp;[&nbsp;Normal ] \u2013&nbsp;Atraso en el pago que no supere los 31 d\u00edas.<\/p>\n<p class=\"wb-stl-custom5\" data-dnid=\"40400\"><u>Situaci\u00f3n 2<\/u>&nbsp;[Riesgo bajo] \u2013&nbsp;Atraso en el pago de m\u00e1s de 31 y hasta 90 d\u00edas desde el vencimiento.<\/p>\n<p class=\"wb-stl-custom5\" data-dnid=\"40402\"><u>Situaci\u00f3n 3<\/u>&nbsp;[Riesgo medio] \u2013&nbsp;Atraso en el pago de m\u00e1s de 90 y hasta 180 d\u00edas.<\/p>\n<p class=\"wb-stl-custom5\" data-dnid=\"40404\"><u>Situaci\u00f3n 4<\/u>&nbsp;[Riesgo alto] \u2013&nbsp;Atraso en el pago de m\u00e1s de 180 d\u00edas hasta un a\u00f1o.<\/p>\n<p class=\"wb-stl-custom5\" data-dnid=\"40406\"><u>Situaci\u00f3n 5<\/u>&nbsp;[Irrecuperable] \u2013&nbsp;Atrasos superiores a un a\u00f1o.<\/p>\n<p class=\"wb-stl-custom10\" data-dnid=\"40410\">Consult\u00e1&nbsp;a continuaci\u00f3n el estado de tu situaci\u00f3n particular&nbsp;ingresando tu n\u00famero de Cuil.<\/p>\t\t\t\t\t\t\t\t<\/div>\n\t\t\t\t<div class=\"elementor-element elementor-element-a73a2cf elementor-widget elementor-widget-image\" data-id=\"a73a2cf\" data-element_type=\"widget\" data-e-type=\"widget\" data-widget_type=\"image.default\">\n\t\t\t\t\t\t\t\t\t\t\t\t\t\t\t\t<a href=\"https:\/\/www.bcra.gob.ar\/situacion-crediticia\/\" target=\"_blank\">\n\t\t\t\t\t\t\t<img decoding=\"async\" width=\"1024\" height=\"235\" src=\"https:\/\/acredema.com.ar\/wp-content\/uploads\/2025\/12\/BASE-DATOS-CENTRAL2.png\" class=\"attachment-large size-large wp-image-607\" alt=\"base datos central2\" title=\"Linea 2026\">\t\t\t\t\t\t\t\t<\/a>\n\t\t\t\t\t\t\t\t\t\t\t\t\t\t\t<\/div>\n\t\t\t\t\t<\/div>\n\t\t\t\t<\/div>\n\t\t\t\t<\/div>\n\t\t","protected":false},"excerpt":{"rendered":"<p>Nueva l\u00ednea de Financiamiento Se hace extensiva a la comunidad emprendorera de la regi\u00f3n que se encuentra abierta la convocatoria [&hellip;]<\/p>\n","protected":false},"author":1,"featured_media":0,"parent":0,"menu_order":0,"comment_status":"closed","ping_status":"closed","template":"","meta":{"site-sidebar-layout":"no-sidebar","site-content-layout":"","ast-site-content-layout":"full-width-container","site-content-style":"default","site-sidebar-style":"default","ast-global-header-display":"","ast-banner-title-visibility":"","ast-main-header-display":"","ast-hfb-above-header-display":"","ast-hfb-below-header-display":"","ast-hfb-mobile-header-display":"","site-post-title":"disabled","ast-breadcrumbs-content":"","ast-featured-img":"disabled","footer-sml-layout":"","ast-disable-related-posts":"","theme-transparent-header-meta":"","adv-header-id-meta":"","stick-header-meta":"","header-above-stick-meta":"","header-main-stick-meta":"","header-below-stick-meta":"","astra-migrate-meta-layouts":"default","ast-page-background-enabled":"default","ast-page-background-meta":{"desktop":{"background-color":"var(--ast-global-color-5)","background-image":"","background-repeat":"repeat","background-position":"center center","background-size":"auto","background-attachment":"scroll","background-type":"","background-media":"","overlay-type":"","overlay-color":"","overlay-opacity":"","overlay-gradient":""},"tablet":{"background-color":"","background-image":"","background-repeat":"repeat","background-position":"center center","background-size":"auto","background-attachment":"scroll","background-type":"","background-media":"","overlay-type":"","overlay-color":"","overlay-opacity":"","overlay-gradient":""},"mobile":{"background-color":"","background-image":"","background-repeat":"repeat","background-position":"center center","background-size":"auto","background-attachment":"scroll","background-type":"","background-media":"","overlay-type":"","overlay-color":"","overlay-opacity":"","overlay-gradient":""}},"ast-content-background-meta":{"desktop":{"background-color":"var(--ast-global-color-4)","background-image":"","background-repeat":"repeat","background-position":"center center","background-size":"auto","background-attachment":"scroll","background-type":"","background-media":"","overlay-type":"","overlay-color":"","overlay-opacity":"","overlay-gradient":""},"tablet":{"background-color":"var(--ast-global-color-4)","background-image":"","background-repeat":"repeat","background-position":"center center","background-size":"auto","background-attachment":"scroll","background-type":"","background-media":"","overlay-type":"","overlay-color":"","overlay-opacity":"","overlay-gradient":""},"mobile":{"background-color":"var(--ast-global-color-4)","background-image":"","background-repeat":"repeat","background-position":"center center","background-size":"auto","background-attachment":"scroll","background-type":"","background-media":"","overlay-type":"","overlay-color":"","overlay-opacity":"","overlay-gradient":""}},"footnotes":""},"class_list":["post-1214","page","type-page","status-publish","hentry"],"_links":{"self":[{"href":"https:\/\/acredema.com.ar\/index.php\/wp-json\/wp\/v2\/pages\/1214","targetHints":{"allow":["GET"]}}],"collection":[{"href":"https:\/\/acredema.com.ar\/index.php\/wp-json\/wp\/v2\/pages"}],"about":[{"href":"https:\/\/acredema.com.ar\/index.php\/wp-json\/wp\/v2\/types\/page"}],"author":[{"embeddable":true,"href":"https:\/\/acredema.com.ar\/index.php\/wp-json\/wp\/v2\/users\/1"}],"replies":[{"embeddable":true,"href":"https:\/\/acredema.com.ar\/index.php\/wp-json\/wp\/v2\/comments?post=1214"}],"version-history":[{"count":160,"href":"https:\/\/acredema.com.ar\/index.php\/wp-json\/wp\/v2\/pages\/1214\/revisions"}],"predecessor-version":[{"id":1452,"href":"https:\/\/acredema.com.ar\/index.php\/wp-json\/wp\/v2\/pages\/1214\/revisions\/1452"}],"wp:attachment":[{"href":"https:\/\/acredema.com.ar\/index.php\/wp-json\/wp\/v2\/media?parent=1214"}],"curies":[{"name":"wp","href":"https:\/\/api.w.org\/{rel}","templated":true}]}}