{"id":22,"date":"2025-11-27T14:28:05","date_gmt":"2025-11-27T14:28:05","guid":{"rendered":"https:\/\/acredema.com.ar\/?page_id=22"},"modified":"2026-01-15T13:25:00","modified_gmt":"2026-01-15T13:25:00","slug":"institucional","status":"publish","type":"page","link":"https:\/\/acredema.com.ar\/index.php\/institucional\/","title":{"rendered":"Institucional"},"content":{"rendered":"\t\t<div data-elementor-type=\"wp-page\" data-elementor-id=\"22\" class=\"elementor elementor-22\">\n\t\t\t\t<div class=\"elementor-element elementor-element-00a0681 e-flex e-con-boxed e-con e-parent\" data-id=\"00a0681\" data-element_type=\"container\" data-e-type=\"container\">\n\t\t\t\t\t<div class=\"e-con-inner\">\n\t\t\t\t<div class=\"elementor-element elementor-element-b815a13 elementor-widget elementor-widget-heading\" data-id=\"b815a13\" data-element_type=\"widget\" data-e-type=\"widget\" data-widget_type=\"heading.default\">\n\t\t\t\t\t<h2 class=\"elementor-heading-title elementor-size-default\">Institucional<\/h2>\t\t\t\t<\/div>\n\t\t\t\t<div class=\"elementor-element elementor-element-8f97f17 elementor-widget elementor-widget-text-editor\" data-id=\"8f97f17\" data-element_type=\"widget\" data-e-type=\"widget\" data-widget_type=\"text-editor.default\">\n\t\t\t\t\t\t\t\t\t<p>La A.CRE.DE.M.A. surge en 1.999 a instancias de las Comunas de Arroyo Aguiar y Monte Vera, como una herramienta com\u00fan para el an\u00e1lisis y proyecci\u00f3n de acciones conjuntas tendientes a contribuir, fortalecer y estimular el desarrollo y promoci\u00f3n de espacios socio- econ\u00f3mico y culturales en la zona de influencia.<\/p><p>Con la creaci\u00f3n del Fondo Provincial para la Asistencia de Productores afectados por el fen\u00f3meno \u201cEl Ni\u00f1o\u201d, a trav\u00e9s de la Ley 11.596 el Estado Provincial facilita la asistencia t\u00e9cnica y financiera para propender a la recuperaci\u00f3n productiva a trav\u00e9s del otorgamiento de cr\u00e9ditos a peque\u00f1os y medianos productores afectados por las contingencias h\u00eddricas y meteorol\u00f3gicas. A partir del Decreto\u00a0 3.146 del 18 de diciembre de 1.998 se reglamenta la norma legal para la disposici\u00f3n y otorgamiento de cr\u00e9ditos con dichos fondos.<\/p><p>Esta misma norma en su art\u00edculo 9\u00ba establece que el recupero de los cr\u00e9ditos de beneficiarios del sistema propuesto se har\u00e1 a trav\u00e9s de las Asociaciones para el desarrollo regional.<\/p><p>En este contexto A.CRE.DE.M.A., como organizaci\u00f3n civil, se constituye en beneficiaria para el recupero de los cr\u00e9ditos otorgados a productores dentro de la jurisdicci\u00f3n de influencia, esto es: Arroyo Aguiar, Monte Vera, Recreo, Arroyo Leyes, Laguna Paiva, San Jos\u00e9 del Rinc\u00f3n y Campo Andino. Localidades todas del centro norte del departamento La Capital.<\/p><p>De este programa, se transfirieron a la Asociaci\u00f3n un total de $ 486.020,66 en pagar\u00e9s con vencimientos re programables a tres a\u00f1os, de los cuales $ 374.658,56 corresponde a Capital y $ 111.362,10\u00a0 a Intereses. \u00a0<\/p><p>A partir del a\u00f1o 2.003, con parte del capital recuperado, se pusieron a disposici\u00f3n l\u00edneas de cr\u00e9ditos de asistencia para productores y\/o emprendedores de las distintas actividades socio \u2013 econ\u00f3micas que sostienen y dinamizan la econom\u00eda regional. Se denomin\u00f3 a \u00e9sta como l\u00ednea \u201cEmprendimientos Productivos\u201d.<\/p><p>En los primeros a\u00f1os de vida de la Asociaci\u00f3n se promovieron acciones tendientes a consolidar la organizaci\u00f3n operativa \u2013 institucional, as\u00ed como tambi\u00e9n su afianzamiento con el claro objetivo de\u00a0 estimular y despertar la pertenencia socio \u2013 institucional en la regi\u00f3n.<\/p><p>Habiendo transcurrido ya 27 a\u00f1os de existencia, podemos afirmar que hemos sido un engranaje esencial en el esquema productivo de nuestra econom\u00eda regional, posibilitando el acceso de m\u00e1s de 600\u00a0 microcr\u00e9ditos, muchos de ellos el puntapi\u00e9 inicial de pr\u00f3speras empresas de la actualidad.-<\/p><h4 class=\"wp-block-heading\">\u00a0<\/h4><h4 class=\"wp-block-heading\">OBJETO DE LA ASOCIACI\u00d3N<\/h4><p>*Promover el desarrollo econ\u00f3mico y cultural de la regi\u00f3n.<\/p><p>*Propender al crecimiento de las actividades existentes.<\/p><p>*Generar informaci\u00f3n en referencia al desarrollo integral de la comunidad productiva.<\/p><p>*Alentar programas de desarrollo integral.<\/p><p>*Participar en las pol\u00edticas productivas de la Provincia.<\/p><p>*Colaborar en gestiones encaradas por los entes gubernamentales.<\/p><p>*Organizar cursos, jornadas, conferencias, etc.<\/p><p>*Gestionar ante diversos organismos la obtenci\u00f3n de subsidios, becas, pr\u00e9stamos u\u00a0otros beneficios.<\/p><p>*Dar amplia participaci\u00f3n a todos los sectores interesados en propender al desarrollo.<\/p>\t\t\t\t\t\t\t\t<\/div>\n\t\t\t\t<div class=\"elementor-element elementor-element-ce4147a elementor-absolute elementor-widget elementor-widget-image\" data-id=\"ce4147a\" data-element_type=\"widget\" data-e-type=\"widget\" data-settings=\"{&quot;_position&quot;:&quot;absolute&quot;}\" data-widget_type=\"image.default\">\n\t\t\t\t\t\t\t\t\t\t\t\t\t\t\t<img fetchpriority=\"high\" decoding=\"async\" width=\"400\" height=\"192\" src=\"https:\/\/acredema.com.ar\/wp-content\/uploads\/2025\/11\/pattern.png\" class=\"attachment-large size-large wp-image-60\" alt=\"pattern\" title=\"Institucional\">\t\t\t\t\t\t\t\t\t\t\t\t\t\t\t<\/div>\n\t\t\t\t\t<\/div>\n\t\t\t\t<\/div>\n\t\t<div class=\"elementor-element elementor-element-ca5cae4 e-flex e-con-boxed e-con e-parent\" data-id=\"ca5cae4\" data-element_type=\"container\" data-e-type=\"container\">\n\t\t\t\t\t<div class=\"e-con-inner\">\n\t\t\t\t<div class=\"elementor-element elementor-element-3a788a5 elementor-absolute elementor-widget elementor-widget-image\" data-id=\"3a788a5\" data-element_type=\"widget\" data-e-type=\"widget\" data-settings=\"{&quot;_position&quot;:&quot;absolute&quot;}\" data-widget_type=\"image.default\">\n\t\t\t\t\t\t\t\t\t\t\t\t\t\t\t<img decoding=\"async\" width=\"200\" height=\"489\" src=\"https:\/\/acredema.com.ar\/wp-content\/uploads\/2025\/12\/pattern-v-1.png\" class=\"attachment-large size-large wp-image-627\" alt=\"pattern v 1\" title=\"Institucional\">\t\t\t\t\t\t\t\t\t\t\t\t\t\t\t<\/div>\n\t\t\t\t\t<\/div>\n\t\t\t\t<\/div>\n\t\t<div class=\"elementor-element elementor-element-8a133a0 e-con-full e-flex e-con e-parent\" data-id=\"8a133a0\" data-element_type=\"container\" data-e-type=\"container\">\n\t\t\t\t<div class=\"elementor-element elementor-element-dfe6ab3 elementor-widget elementor-widget-image-carousel\" data-id=\"dfe6ab3\" data-element_type=\"widget\" data-e-type=\"widget\" data-settings=\"{&quot;image_spacing_custom&quot;:{&quot;unit&quot;:&quot;px&quot;,&quot;size&quot;:0,&quot;sizes&quot;:[]},&quot;navigation&quot;:&quot;none&quot;,&quot;autoplay_speed&quot;:3000,&quot;_animation&quot;:&quot;none&quot;,&quot;autoplay&quot;:&quot;yes&quot;,&quot;infinite&quot;:&quot;yes&quot;,&quot;speed&quot;:500,&quot;image_spacing_custom_tablet&quot;:{&quot;unit&quot;:&quot;px&quot;,&quot;size&quot;:&quot;&quot;,&quot;sizes&quot;:[]},&quot;image_spacing_custom_mobile&quot;:{&quot;unit&quot;:&quot;px&quot;,&quot;size&quot;:&quot;&quot;,&quot;sizes&quot;:[]}}\" data-widget_type=\"image-carousel.default\">\n\t\t\t\t\t\t\t<div class=\"elementor-image-carousel-wrapper swiper\" role=\"region\" aria-roledescription=\"carousel\" aria-label=\"Carrousel\" dir=\"ltr\">\n\t\t\t<div class=\"elementor-image-carousel swiper-wrapper swiper-image-stretch\" aria-live=\"off\">\n\t\t\t\t\t\t\t\t<div class=\"swiper-slide\" role=\"group\" aria-roledescription=\"slide\" aria-label=\"1 de 26\"><figure class=\"swiper-slide-inner\"><img decoding=\"async\" class=\"swiper-slide-image\" src=\"https:\/\/acredema.com.ar\/wp-content\/uploads\/2025\/12\/2-1.jpg\" alt=\"2\" title=\"Institucional\"><\/figure><\/div><div class=\"swiper-slide\" role=\"group\" aria-roledescription=\"slide\" aria-label=\"2 de 26\"><figure class=\"swiper-slide-inner\"><img decoding=\"async\" class=\"swiper-slide-image\" src=\"https:\/\/acredema.com.ar\/wp-content\/uploads\/2025\/12\/PA051229.jpg\" alt=\"pa051229\" title=\"Institucional\"><\/figure><\/div><div class=\"swiper-slide\" role=\"group\" aria-roledescription=\"slide\" aria-label=\"3 de 26\"><figure class=\"swiper-slide-inner\"><img decoding=\"async\" class=\"swiper-slide-image\" src=\"https:\/\/acredema.com.ar\/wp-content\/uploads\/2025\/12\/P5119442.jpg\" alt=\"p5119442\" title=\"Institucional\"><\/figure><\/div><div class=\"swiper-slide\" role=\"group\" aria-roledescription=\"slide\" aria-label=\"4 de 26\"><figure class=\"swiper-slide-inner\"><img decoding=\"async\" class=\"swiper-slide-image\" src=\"https:\/\/acredema.com.ar\/wp-content\/uploads\/2025\/12\/P5119443.jpg\" alt=\"p5119443\" title=\"Institucional\"><\/figure><\/div><div class=\"swiper-slide\" role=\"group\" aria-roledescription=\"slide\" aria-label=\"5 de 26\"><figure class=\"swiper-slide-inner\"><img decoding=\"async\" class=\"swiper-slide-image\" src=\"https:\/\/acredema.com.ar\/wp-content\/uploads\/2025\/12\/PA051228.jpg\" alt=\"pa051228\" title=\"Institucional\"><\/figure><\/div><div class=\"swiper-slide\" role=\"group\" aria-roledescription=\"slide\" aria-label=\"6 de 26\"><figure class=\"swiper-slide-inner\"><img decoding=\"async\" class=\"swiper-slide-image\" src=\"https:\/\/acredema.com.ar\/wp-content\/uploads\/2025\/12\/P5119444.jpg\" alt=\"p5119444\" title=\"Institucional\"><\/figure><\/div><div class=\"swiper-slide\" role=\"group\" aria-roledescription=\"slide\" aria-label=\"7 de 26\"><figure class=\"swiper-slide-inner\"><img decoding=\"async\" class=\"swiper-slide-image\" src=\"https:\/\/acredema.com.ar\/wp-content\/uploads\/2025\/12\/P5119445.jpg\" alt=\"p5119445\" title=\"Institucional\"><\/figure><\/div><div class=\"swiper-slide\" role=\"group\" aria-roledescription=\"slide\" aria-label=\"8 de 26\"><figure class=\"swiper-slide-inner\"><img decoding=\"async\" class=\"swiper-slide-image\" src=\"https:\/\/acredema.com.ar\/wp-content\/uploads\/2025\/12\/P5119446.jpg\" alt=\"p5119446\" title=\"Institucional\"><\/figure><\/div><div class=\"swiper-slide\" role=\"group\" aria-roledescription=\"slide\" aria-label=\"9 de 26\"><figure class=\"swiper-slide-inner\"><img decoding=\"async\" class=\"swiper-slide-image\" src=\"https:\/\/acredema.com.ar\/wp-content\/uploads\/2025\/12\/PA051226.jpg\" alt=\"pa051226\" title=\"Institucional\"><\/figure><\/div><div class=\"swiper-slide\" role=\"group\" aria-roledescription=\"slide\" aria-label=\"10 de 26\"><figure class=\"swiper-slide-inner\"><img decoding=\"async\" class=\"swiper-slide-image\" src=\"https:\/\/acredema.com.ar\/wp-content\/uploads\/2025\/12\/3-2.jpg\" alt=\"3\" title=\"Institucional\"><\/figure><\/div><div class=\"swiper-slide\" role=\"group\" aria-roledescription=\"slide\" aria-label=\"11 de 26\"><figure class=\"swiper-slide-inner\"><img decoding=\"async\" class=\"swiper-slide-image\" src=\"https:\/\/acredema.com.ar\/wp-content\/uploads\/2025\/12\/PA051227.jpg\" alt=\"pa051227\" title=\"Institucional\"><\/figure><\/div><div class=\"swiper-slide\" role=\"group\" aria-roledescription=\"slide\" aria-label=\"12 de 26\"><figure class=\"swiper-slide-inner\"><img decoding=\"async\" class=\"swiper-slide-image\" src=\"https:\/\/acredema.com.ar\/wp-content\/uploads\/2025\/12\/P5119441.jpg\" alt=\"p5119441\" title=\"Institucional\"><\/figure><\/div><div class=\"swiper-slide\" role=\"group\" aria-roledescription=\"slide\" aria-label=\"13 de 26\"><figure class=\"swiper-slide-inner\"><img decoding=\"async\" class=\"swiper-slide-image\" src=\"https:\/\/acredema.com.ar\/wp-content\/uploads\/2025\/12\/P5119440.jpg\" alt=\"p5119440\" title=\"Institucional\"><\/figure><\/div><div class=\"swiper-slide\" role=\"group\" aria-roledescription=\"slide\" aria-label=\"14 de 26\"><figure class=\"swiper-slide-inner\"><img decoding=\"async\" class=\"swiper-slide-image\" src=\"https:\/\/acredema.com.ar\/wp-content\/uploads\/2025\/12\/P4125219.jpg\" alt=\"p4125219\" title=\"Institucional\"><\/figure><\/div><div class=\"swiper-slide\" role=\"group\" aria-roledescription=\"slide\" aria-label=\"15 de 26\"><figure class=\"swiper-slide-inner\"><img decoding=\"async\" class=\"swiper-slide-image\" src=\"https:\/\/acredema.com.ar\/wp-content\/uploads\/2025\/12\/5-1.jpg\" alt=\"5\" title=\"Institucional\"><\/figure><\/div><div class=\"swiper-slide\" role=\"group\" aria-roledescription=\"slide\" aria-label=\"16 de 26\"><figure class=\"swiper-slide-inner\"><img decoding=\"async\" class=\"swiper-slide-image\" src=\"https:\/\/acredema.com.ar\/wp-content\/uploads\/2025\/12\/P4125218.jpg\" alt=\"p4125218\" title=\"Institucional\"><\/figure><\/div><div class=\"swiper-slide\" role=\"group\" aria-roledescription=\"slide\" aria-label=\"17 de 26\"><figure class=\"swiper-slide-inner\"><img decoding=\"async\" class=\"swiper-slide-image\" src=\"https:\/\/acredema.com.ar\/wp-content\/uploads\/2025\/12\/P4125217.jpg\" alt=\"p4125217\" title=\"Institucional\"><\/figure><\/div><div class=\"swiper-slide\" role=\"group\" aria-roledescription=\"slide\" aria-label=\"18 de 26\"><figure class=\"swiper-slide-inner\"><img decoding=\"async\" class=\"swiper-slide-image\" src=\"https:\/\/acredema.com.ar\/wp-content\/uploads\/2025\/12\/P4125216.jpg\" alt=\"p4125216\" title=\"Institucional\"><\/figure><\/div><div class=\"swiper-slide\" role=\"group\" aria-roledescription=\"slide\" aria-label=\"19 de 26\"><figure class=\"swiper-slide-inner\"><img decoding=\"async\" class=\"swiper-slide-image\" src=\"https:\/\/acredema.com.ar\/wp-content\/uploads\/2025\/12\/P4125215.jpg\" alt=\"p4125215\" title=\"Institucional\"><\/figure><\/div><div class=\"swiper-slide\" role=\"group\" aria-roledescription=\"slide\" aria-label=\"20 de 26\"><figure class=\"swiper-slide-inner\"><img decoding=\"async\" class=\"swiper-slide-image\" src=\"https:\/\/acredema.com.ar\/wp-content\/uploads\/2025\/12\/8-1.jpg\" alt=\"8\" title=\"Institucional\"><\/figure><\/div><div class=\"swiper-slide\" role=\"group\" aria-roledescription=\"slide\" aria-label=\"21 de 26\"><figure class=\"swiper-slide-inner\"><img decoding=\"async\" class=\"swiper-slide-image\" src=\"https:\/\/acredema.com.ar\/wp-content\/uploads\/2025\/12\/Sin-titulo-16.png\" alt=\"sin t\u00edtulo 16\" title=\"Institucional\"><\/figure><\/div><div class=\"swiper-slide\" role=\"group\" aria-roledescription=\"slide\" aria-label=\"22 de 26\"><figure class=\"swiper-slide-inner\"><img decoding=\"async\" class=\"swiper-slide-image\" src=\"https:\/\/acredema.com.ar\/wp-content\/uploads\/2025\/12\/1-1.jpg\" alt=\"1\" title=\"Institucional\"><\/figure><\/div><div class=\"swiper-slide\" role=\"group\" aria-roledescription=\"slide\" aria-label=\"23 de 26\"><figure class=\"swiper-slide-inner\"><img decoding=\"async\" class=\"swiper-slide-image\" src=\"https:\/\/acredema.com.ar\/wp-content\/uploads\/2025\/12\/4-1.jpg\" alt=\"4\" title=\"Institucional\"><\/figure><\/div><div class=\"swiper-slide\" role=\"group\" aria-roledescription=\"slide\" aria-label=\"24 de 26\"><figure class=\"swiper-slide-inner\"><img decoding=\"async\" class=\"swiper-slide-image\" src=\"https:\/\/acredema.com.ar\/wp-content\/uploads\/2025\/12\/6-1.jpg\" alt=\"6\" title=\"Institucional\"><\/figure><\/div><div class=\"swiper-slide\" role=\"group\" aria-roledescription=\"slide\" aria-label=\"25 de 26\"><figure class=\"swiper-slide-inner\"><img decoding=\"async\" class=\"swiper-slide-image\" src=\"https:\/\/acredema.com.ar\/wp-content\/uploads\/2025\/12\/7-1.jpg\" alt=\"7\" title=\"Institucional\"><\/figure><\/div><div class=\"swiper-slide\" role=\"group\" aria-roledescription=\"slide\" aria-label=\"26 de 26\"><figure class=\"swiper-slide-inner\"><img decoding=\"async\" class=\"swiper-slide-image\" src=\"https:\/\/acredema.com.ar\/wp-content\/uploads\/2025\/12\/Sin-titulo-1-1.png\" alt=\"sin t\u00edtulo 1\" title=\"Institucional\"><\/figure><\/div>\t\t\t<\/div>\n\t\t\t\t\t\t\t\n\t\t\t\t\t\t\t\t\t<\/div>\n\t\t\t\t\t\t<\/div>\n\t\t\t\t<\/div>\n\t\t<div class=\"elementor-element elementor-element-1d3ea9b e-flex e-con-boxed e-con e-parent\" data-id=\"1d3ea9b\" data-element_type=\"container\" data-e-type=\"container\">\n\t\t\t\t\t<div class=\"e-con-inner\">\n\t\t\t\t<div class=\"elementor-element elementor-element-5663907 elementor-absolute elementor-hidden-desktop elementor-widget elementor-widget-image\" data-id=\"5663907\" data-element_type=\"widget\" data-e-type=\"widget\" data-settings=\"{&quot;_position&quot;:&quot;absolute&quot;}\" data-widget_type=\"image.default\">\n\t\t\t\t\t\t\t\t\t\t\t\t\t\t\t<img decoding=\"async\" width=\"200\" height=\"489\" src=\"https:\/\/acredema.com.ar\/wp-content\/uploads\/2025\/12\/pattern-v-1.png\" class=\"attachment-large size-large wp-image-627\" alt=\"pattern v 1\" title=\"Institucional\">\t\t\t\t\t\t\t\t\t\t\t\t\t\t\t<\/div>\n\t\t\t\t\t<\/div>\n\t\t\t\t<\/div>\n\t\t\t\t<\/div>\n\t\t","protected":false},"excerpt":{"rendered":"<p>Institucional La A.CRE.DE.M.A. surge en 1.999 a instancias de las Comunas de Arroyo Aguiar y Monte Vera, como una herramienta [&hellip;]<\/p>\n","protected":false},"author":1,"featured_media":0,"parent":0,"menu_order":0,"comment_status":"closed","ping_status":"closed","template":"","meta":{"site-sidebar-layout":"no-sidebar","site-content-layout":"","ast-site-content-layout":"full-width-container","site-content-style":"default","site-sidebar-style":"default","ast-global-header-display":"","ast-banner-title-visibility":"","ast-main-header-display":"","ast-hfb-above-header-display":"","ast-hfb-below-header-display":"","ast-hfb-mobile-header-display":"","site-post-title":"disabled","ast-breadcrumbs-content":"","ast-featured-img":"disabled","footer-sml-layout":"","ast-disable-related-posts":"","theme-transparent-header-meta":"","adv-header-id-meta":"","stick-header-meta":"","header-above-stick-meta":"","header-main-stick-meta":"","header-below-stick-meta":"","astra-migrate-meta-layouts":"default","ast-page-background-enabled":"default","ast-page-background-meta":{"desktop":{"background-color":"var(--ast-global-color-5)","background-image":"","background-repeat":"repeat","background-position":"center center","background-size":"auto","background-attachment":"scroll","background-type":"","background-media":"","overlay-type":"","overlay-color":"","overlay-opacity":"","overlay-gradient":""},"tablet":{"background-color":"","background-image":"","background-repeat":"repeat","background-position":"center center","background-size":"auto","background-attachment":"scroll","background-type":"","background-media":"","overlay-type":"","overlay-color":"","overlay-opacity":"","overlay-gradient":""},"mobile":{"background-color":"","background-image":"","background-repeat":"repeat","background-position":"center center","background-size":"auto","background-attachment":"scroll","background-type":"","background-media":"","overlay-type":"","overlay-color":"","overlay-opacity":"","overlay-gradient":""}},"ast-content-background-meta":{"desktop":{"background-color":"var(--ast-global-color-4)","background-image":"","background-repeat":"repeat","background-position":"center center","background-size":"auto","background-attachment":"scroll","background-type":"","background-media":"","overlay-type":"","overlay-color":"","overlay-opacity":"","overlay-gradient":""},"tablet":{"background-color":"var(--ast-global-color-4)","background-image":"","background-repeat":"repeat","background-position":"center center","background-size":"auto","background-attachment":"scroll","background-type":"","background-media":"","overlay-type":"","overlay-color":"","overlay-opacity":"","overlay-gradient":""},"mobile":{"background-color":"var(--ast-global-color-4)","background-image":"","background-repeat":"repeat","background-position":"center center","background-size":"auto","background-attachment":"scroll","background-type":"","background-media":"","overlay-type":"","overlay-color":"","overlay-opacity":"","overlay-gradient":""}},"footnotes":""},"class_list":["post-22","page","type-page","status-publish","hentry"],"_links":{"self":[{"href":"https:\/\/acredema.com.ar\/index.php\/wp-json\/wp\/v2\/pages\/22","targetHints":{"allow":["GET"]}}],"collection":[{"href":"https:\/\/acredema.com.ar\/index.php\/wp-json\/wp\/v2\/pages"}],"about":[{"href":"https:\/\/acredema.com.ar\/index.php\/wp-json\/wp\/v2\/types\/page"}],"author":[{"embeddable":true,"href":"https:\/\/acredema.com.ar\/index.php\/wp-json\/wp\/v2\/users\/1"}],"replies":[{"embeddable":true,"href":"https:\/\/acredema.com.ar\/index.php\/wp-json\/wp\/v2\/comments?post=22"}],"version-history":[{"count":79,"href":"https:\/\/acredema.com.ar\/index.php\/wp-json\/wp\/v2\/pages\/22\/revisions"}],"predecessor-version":[{"id":1204,"href":"https:\/\/acredema.com.ar\/index.php\/wp-json\/wp\/v2\/pages\/22\/revisions\/1204"}],"wp:attachment":[{"href":"https:\/\/acredema.com.ar\/index.php\/wp-json\/wp\/v2\/media?parent=22"}],"curies":[{"name":"wp","href":"https:\/\/api.w.org\/{rel}","templated":true}]}}