{"id":23,"date":"2025-11-27T14:28:06","date_gmt":"2025-11-27T14:28:06","guid":{"rendered":"https:\/\/acredema.com.ar\/?page_id=23"},"modified":"2025-12-12T08:36:22","modified_gmt":"2025-12-12T08:36:22","slug":"comision-directiva","status":"publish","type":"page","link":"https:\/\/acredema.com.ar\/index.php\/comision-directiva\/","title":{"rendered":"Comisi\u00f3n Directiva"},"content":{"rendered":"\t\t<div data-elementor-type=\"wp-page\" data-elementor-id=\"23\" class=\"elementor elementor-23\">\n\t\t\t\t<div class=\"elementor-element elementor-element-9b051a8 e-flex e-con-boxed e-con e-parent\" data-id=\"9b051a8\" data-element_type=\"container\" data-e-type=\"container\">\n\t\t\t\t\t<div class=\"e-con-inner\">\n\t\t\t\t<div class=\"elementor-element elementor-element-22f1123 elementor-widget elementor-widget-heading\" data-id=\"22f1123\" data-element_type=\"widget\" data-e-type=\"widget\" data-widget_type=\"heading.default\">\n\t\t\t\t\t<h2 class=\"elementor-heading-title elementor-size-default\">Comisi\u00f3n Directiva<\/h2>\t\t\t\t<\/div>\n\t\t\t\t<div class=\"elementor-element elementor-element-094c152 elementor-widget elementor-widget-text-editor\" data-id=\"094c152\" data-element_type=\"widget\" data-e-type=\"widget\" data-widget_type=\"text-editor.default\">\n\t\t\t\t\t\t\t\t\t<p style=\"text-align: left;\">Transcurridas las gestiones necesarias para la conformaci\u00f3n de una nueva mesa directiva que dirija las acciones de la entidad durante el per\u00edodo 2.025-2.027, se detalla a continuaci\u00f3n el listado de integrantes de Comisi\u00f3n Directiva:<span style=\"font-size: 1rem;\">\u00a0<\/span><\/p>\t\t\t\t\t\t\t\t<\/div>\n\t\t\t\t<div class=\"elementor-element elementor-element-33e8708 elementor-absolute elementor-widget elementor-widget-image\" data-id=\"33e8708\" data-element_type=\"widget\" data-e-type=\"widget\" data-settings=\"{&quot;_position&quot;:&quot;absolute&quot;}\" data-widget_type=\"image.default\">\n\t\t\t\t\t\t\t\t\t\t\t\t\t\t\t<img fetchpriority=\"high\" decoding=\"async\" width=\"400\" height=\"192\" src=\"https:\/\/acredema.com.ar\/wp-content\/uploads\/2025\/11\/pattern.png\" class=\"attachment-large size-large wp-image-60\" alt=\"pattern\" title=\"Comisi\u00f3n Directiva\">\t\t\t\t\t\t\t\t\t\t\t\t\t\t\t<\/div>\n\t\t<div class=\"elementor-element elementor-element-4244b41 e-grid e-con-full e-con e-child\" data-id=\"4244b41\" data-element_type=\"container\" data-e-type=\"container\">\n\t\t\t\t<div class=\"elementor-element elementor-element-16b90a3 elementor-widget elementor-widget-text-editor\" data-id=\"16b90a3\" data-element_type=\"widget\" data-e-type=\"widget\" data-widget_type=\"text-editor.default\">\n\t\t\t\t\t\t\t\t\t<h3 style=\"text-align: center;\">EMANUEL A. PONCE<\/h3><p style=\"text-align: center;\">PRESIDENTE<\/p><p style=\"text-align: center;\">Municipalidad de Monte Vera<\/p>\t\t\t\t\t\t\t\t<\/div>\n\t\t\t\t<div class=\"elementor-element elementor-element-ce67048 elementor-widget elementor-widget-text-editor\" data-id=\"ce67048\" data-element_type=\"widget\" data-e-type=\"widget\" data-widget_type=\"text-editor.default\">\n\t\t\t\t\t\t\t\t\t<h3 style=\"text-align: center;\">HERNAN DANIEL CARRARO<\/h3><p style=\"text-align: center;\">VICEPRESIDENTE<\/p><p style=\"text-align: center;\">Comuna de Arroyo Aguiar<\/p>\t\t\t\t\t\t\t\t<\/div>\n\t\t\t\t<div class=\"elementor-element elementor-element-d096b6c elementor-widget elementor-widget-text-editor\" data-id=\"d096b6c\" data-element_type=\"widget\" data-e-type=\"widget\" data-widget_type=\"text-editor.default\">\n\t\t\t\t\t\t\t\t\t<h3 style=\"text-align: center;\">MARIA CELESTE CLASSIO<\/h3><p style=\"text-align: center;\">SECRETARIA<\/p><p style=\"text-align: center;\">Comuna de Arroyo Aguiar<\/p>\t\t\t\t\t\t\t\t<\/div>\n\t\t\t\t<div class=\"elementor-element elementor-element-6f1d7bc elementor-widget elementor-widget-text-editor\" data-id=\"6f1d7bc\" data-element_type=\"widget\" data-e-type=\"widget\" data-widget_type=\"text-editor.default\">\n\t\t\t\t\t\t\t\t\t<h3 style=\"text-align: center;\">DANIELA NOEM\u00cd ESCALANTE<\/h3><p style=\"text-align: center;\">PROSECRETARIA<\/p><p style=\"text-align: center;\">Municipalidad de Monte Vera<\/p>\t\t\t\t\t\t\t\t<\/div>\n\t\t\t\t<div class=\"elementor-element elementor-element-9180572 elementor-widget elementor-widget-text-editor\" data-id=\"9180572\" data-element_type=\"widget\" data-e-type=\"widget\" data-widget_type=\"text-editor.default\">\n\t\t\t\t\t\t\t\t\t<h3 style=\"text-align: center;\">MARIA GISELA FAVRE<\/h3><p style=\"text-align: center;\">TESORERA<\/p><p style=\"text-align: center;\">Comuna de Monte Vera<\/p>\t\t\t\t\t\t\t\t<\/div>\n\t\t\t\t<div class=\"elementor-element elementor-element-40285db elementor-widget elementor-widget-text-editor\" data-id=\"40285db\" data-element_type=\"widget\" data-e-type=\"widget\" data-widget_type=\"text-editor.default\">\n\t\t\t\t\t\t\t\t\t<h3 style=\"text-align: center;\">GRISELDA NOEM\u00cd GON<\/h3><p style=\"text-align: center;\">PROTESORERA<\/p><p style=\"text-align: center;\">Municipalidad de Monte Vera<\/p>\t\t\t\t\t\t\t\t<\/div>\n\t\t\t\t<div class=\"elementor-element elementor-element-b273e2b elementor-widget elementor-widget-text-editor\" data-id=\"b273e2b\" data-element_type=\"widget\" data-e-type=\"widget\" data-widget_type=\"text-editor.default\">\n\t\t\t\t\t\t\t\t\t<h3 style=\"text-align: center;\">ALICIA VIVIANA RAMOS<\/h3><p style=\"text-align: center;\">VOCAL PRIMERA<\/p><p style=\"text-align: center;\">Municipalidad de Monte Vera<\/p>\t\t\t\t\t\t\t\t<\/div>\n\t\t\t\t<div class=\"elementor-element elementor-element-b21d00c elementor-widget elementor-widget-text-editor\" data-id=\"b21d00c\" data-element_type=\"widget\" data-e-type=\"widget\" data-widget_type=\"text-editor.default\">\n\t\t\t\t\t\t\t\t\t<h3 style=\"text-align: center;\">MAIRA BEATRIZ ARBIZU<\/h3><p style=\"text-align: center;\">VOCAL SEGUNDA<\/p><p style=\"text-align: center;\">Comuna de Arroyo Aguiar<\/p>\t\t\t\t\t\t\t\t<\/div>\n\t\t\t\t<div class=\"elementor-element elementor-element-f762c1d elementor-widget elementor-widget-text-editor\" data-id=\"f762c1d\" data-element_type=\"widget\" data-e-type=\"widget\" data-widget_type=\"text-editor.default\">\n\t\t\t\t\t\t\t\t\t<h3 style=\"text-align: center;\">JOS\u00c9 LUIS LEIVA\u00a0\u00a0<\/h3><p style=\"text-align: center;\">S\u00cdNDICO TITULAR<\/p><p style=\"text-align: center;\">Municipalidad de Monte Vera<\/p>\t\t\t\t\t\t\t\t<\/div>\n\t\t\t\t<div class=\"elementor-element elementor-element-0cf5568 elementor-widget elementor-widget-text-editor\" data-id=\"0cf5568\" data-element_type=\"widget\" data-e-type=\"widget\" data-widget_type=\"text-editor.default\">\n\t\t\t\t\t\t\t\t\t<h3 style=\"text-align: center;\">JOS\u00c9 EDUARDO GAMBINI<\/h3><p style=\"text-align: center;\">S\u00cdNDICO SUPLENTE<\/p><p style=\"text-align: center;\">Comuna de Arroyo Aguiar<\/p>\t\t\t\t\t\t\t\t<\/div>\n\t\t\t\t<\/div>\n\t\t\t\t\t<\/div>\n\t\t\t\t<\/div>\n\t\t\t\t<\/div>\n\t\t","protected":false},"excerpt":{"rendered":"<p>Comisi\u00f3n Directiva Transcurridas las gestiones necesarias para la conformaci\u00f3n de una nueva mesa directiva que dirija las acciones de la [&hellip;]<\/p>\n","protected":false},"author":1,"featured_media":0,"parent":0,"menu_order":0,"comment_status":"closed","ping_status":"closed","template":"","meta":{"site-sidebar-layout":"no-sidebar","site-content-layout":"","ast-site-content-layout":"full-width-container","site-content-style":"default","site-sidebar-style":"default","ast-global-header-display":"","ast-banner-title-visibility":"","ast-main-header-display":"","ast-hfb-above-header-display":"","ast-hfb-below-header-display":"","ast-hfb-mobile-header-display":"","site-post-title":"disabled","ast-breadcrumbs-content":"","ast-featured-img":"disabled","footer-sml-layout":"","ast-disable-related-posts":"","theme-transparent-header-meta":"","adv-header-id-meta":"","stick-header-meta":"","header-above-stick-meta":"","header-main-stick-meta":"","header-below-stick-meta":"","astra-migrate-meta-layouts":"default","ast-page-background-enabled":"default","ast-page-background-meta":{"desktop":{"background-color":"var(--ast-global-color-5)","background-image":"","background-repeat":"repeat","background-position":"center center","background-size":"auto","background-attachment":"scroll","background-type":"","background-media":"","overlay-type":"","overlay-color":"","overlay-opacity":"","overlay-gradient":""},"tablet":{"background-color":"","background-image":"","background-repeat":"repeat","background-position":"center center","background-size":"auto","background-attachment":"scroll","background-type":"","background-media":"","overlay-type":"","overlay-color":"","overlay-opacity":"","overlay-gradient":""},"mobile":{"background-color":"","background-image":"","background-repeat":"repeat","background-position":"center center","background-size":"auto","background-attachment":"scroll","background-type":"","background-media":"","overlay-type":"","overlay-color":"","overlay-opacity":"","overlay-gradient":""}},"ast-content-background-meta":{"desktop":{"background-color":"var(--ast-global-color-4)","background-image":"","background-repeat":"repeat","background-position":"center center","background-size":"auto","background-attachment":"scroll","background-type":"","background-media":"","overlay-type":"","overlay-color":"","overlay-opacity":"","overlay-gradient":""},"tablet":{"background-color":"var(--ast-global-color-4)","background-image":"","background-repeat":"repeat","background-position":"center center","background-size":"auto","background-attachment":"scroll","background-type":"","background-media":"","overlay-type":"","overlay-color":"","overlay-opacity":"","overlay-gradient":""},"mobile":{"background-color":"var(--ast-global-color-4)","background-image":"","background-repeat":"repeat","background-position":"center center","background-size":"auto","background-attachment":"scroll","background-type":"","background-media":"","overlay-type":"","overlay-color":"","overlay-opacity":"","overlay-gradient":""}},"footnotes":""},"class_list":["post-23","page","type-page","status-publish","hentry"],"_links":{"self":[{"href":"https:\/\/acredema.com.ar\/index.php\/wp-json\/wp\/v2\/pages\/23","targetHints":{"allow":["GET"]}}],"collection":[{"href":"https:\/\/acredema.com.ar\/index.php\/wp-json\/wp\/v2\/pages"}],"about":[{"href":"https:\/\/acredema.com.ar\/index.php\/wp-json\/wp\/v2\/types\/page"}],"author":[{"embeddable":true,"href":"https:\/\/acredema.com.ar\/index.php\/wp-json\/wp\/v2\/users\/1"}],"replies":[{"embeddable":true,"href":"https:\/\/acredema.com.ar\/index.php\/wp-json\/wp\/v2\/comments?post=23"}],"version-history":[{"count":85,"href":"https:\/\/acredema.com.ar\/index.php\/wp-json\/wp\/v2\/pages\/23\/revisions"}],"predecessor-version":[{"id":1089,"href":"https:\/\/acredema.com.ar\/index.php\/wp-json\/wp\/v2\/pages\/23\/revisions\/1089"}],"wp:attachment":[{"href":"https:\/\/acredema.com.ar\/index.php\/wp-json\/wp\/v2\/media?parent=23"}],"curies":[{"name":"wp","href":"https:\/\/api.w.org\/{rel}","templated":true}]}}